{"id":1409,"date":"2023-07-06T11:17:41","date_gmt":"2023-07-06T11:17:41","guid":{"rendered":"https:\/\/bbasesores.com\/brexit"},"modified":"2023-10-10T10:05:48","modified_gmt":"2023-10-10T10:05:48","slug":"brexit","status":"publish","type":"page","link":"https:\/\/bbasesores.com\/en\/brexit","title":{"rendered":"Brexit"},"content":{"rendered":"\r\n<p>En BBAsesores, comprendemos la complejidad y los desaf\u00edos que el Brexit ha planteado a las empresas con operaciones en el Reino Unido y la Uni\u00f3n Europea (UE). Nuestra presencia en ambas regiones, con sede en el Reino Unido y Espa\u00f1a, nos posiciona como un socio estrat\u00e9gico para ayudarlo a adaptarse a esta nueva realidad comercial.<\/p>\r\n<p>En BBAsesores, estamos comprometidos en simplificar el complejo panorama post-Brexit. Nuestra experiencia y presencia en ambas regiones nos permiten ofrecer soluciones adaptadas a las necesidades cambiantes de su empresa. No importa si es una empresa con sede en el Reino Unido o en la UE, estamos aqu\u00ed para guiarlo a trav\u00e9s de estos desaf\u00edos y aprovechar las oportunidades que se presentan.<\/p>\r\n<p>&nbsp;<\/p>\r\n<p><img loading=\"lazy\" decoding=\"async\" title=\"brexit-bbasesores\" src=\"https:\/\/bbasesores.com\/wp-content\/uploads\/2023\/10\/brexit-bbasesores.jpg\" alt=\"brexit-bbasesores\" width=\"392\" height=\"110\" \/> <img loading=\"lazy\" decoding=\"async\" title=\"brexit-UK\" src=\"https:\/\/bbasesores.com\/wp-content\/uploads\/2023\/10\/brexit-UK.png\" alt=\"brexit-UK\" width=\"300\" height=\"116\" \/><\/p>\r\n<h3><strong>Empresas con Sede en el Reino Unido que desean vender productos en la UE<\/strong><\/h3>\r\n<ul>\r\n<li><strong>An\u00e1lisis del Impacto en su Empresa:<\/strong> Evaluamos el impacto espec\u00edfico del Brexit en su empresa y sus operaciones comerciales.<\/li>\r\n<li><strong>Representaci\u00f3n de su Empresa en Reino Unido para Realizar su Registro:<\/strong> Ofrecemos representaci\u00f3n y apoyo local para facilitar el registro de su empresa en la UE.<\/li>\r\n<li><strong>Obtenci\u00f3n de Registro:<\/strong> Lo guiamos a trav\u00e9s del proceso de obtenci\u00f3n del registro necesario para seguir operando en la UE.<\/li>\r\n<li><strong>Comunicaciones con el &#8220;Health and Safety Executive&#8221;<\/strong> (HSE): Facilitamos la comunicaci\u00f3n y los tr\u00e1mites con el HSE para cumplir con las regulaciones de seguridad y salud ocupacional.<\/li>\r\n<\/ul>\r\n<p><img loading=\"lazy\" decoding=\"async\" title=\"brexit-UE\" src=\"https:\/\/bbasesores.com\/wp-content\/uploads\/2023\/10\/brexit-UE.png\" alt=\"brexit-UE\" width=\"1265\" height=\"491\" \/><\/p>\r\n<h3><strong>Empresas con Sede en la UE-27\/EEE que compran o venden a empresas del Reino Unido<\/strong><\/h3>\r\n<ul>\r\n<li><strong>Transferencia de Registros y Adaptaci\u00f3n a la Nueva Situaci\u00f3n:<\/strong> Ayudamos a las empresas de la UE a transferir sus registros y adaptarse a la nueva situaci\u00f3n post-Brexit.<\/li>\r\n<li><strong>Designaci\u00f3n de Representante y Cumplimiento Normativo:<\/strong> Si es necesario, actuamos como su representante en la UE y lo asesoramos en el cumplimiento normativo.<\/li>\r\n<li><strong>Facilitando las Importaciones y Exportaciones:<\/strong> Colaboramos con empresas de la UE que compran productos en el Reino Unido para convertirlas en importadores de la UE y desarrollar sus registros. Tambi\u00e9n ayudamos a las empresas de la UE que venden al Reino Unido a notificar y completar los tr\u00e1mites de exportaci\u00f3n requeridos.<\/li>\r\n<\/ul>\r\n","protected":false},"excerpt":{"rendered":"<div class=\"entry-summary\">\n<div class=\"entry-summary\">\nEn BBAsesores, comprendemos la complejidad y los desaf\u00edos que el Brexit ha planteado a las empresas con operaciones en el Reino Unido y la Uni\u00f3n Europea (UE). Nuestra presencia en ambas regiones, con sede en el Reino Unido y Espa\u00f1a,&hellip;\n<\/div>\n<div class=\"link-more\"><a href=\"https:\/\/bbasesores.com\/en\/brexit\" class=\"more-link\">Continue reading<span class=\"screen-reader-text\"> &ldquo;Brexit&rdquo;<\/span>&hellip;<\/a><\/div>\n<\/div>\n<div class=\"link-more\"><a href=\"https:\/\/bbasesores.com\/en\/brexit\" class=\"more-link\">Continue reading<span class=\"screen-reader-text\"> &ldquo;Brexit&rdquo;<\/span>&hellip;<\/a><\/div>\n","protected":false},"author":1,"featured_media":0,"parent":0,"menu_order":0,"comment_status":"closed","ping_status":"closed","template":"","meta":{"_acf_changed":false,"footnotes":""},"class_list":["post-1409","page","type-page","status-publish","hentry","entry"],"acf":[],"yoast_head":"<!-- This site is optimized with the Yoast SEO plugin v26.7 - https:\/\/yoast.com\/wordpress\/plugins\/seo\/ -->\n<title>Brexit - BB Asesores<\/title>\n<meta name=\"robots\" content=\"index, follow, max-snippet:-1, max-image-preview:large, max-video-preview:-1\" \/>\n<link rel=\"canonical\" href=\"https:\/\/bbasesores.com\/en\/brexit\" \/>\n<meta property=\"og:locale\" content=\"en_US\" \/>\n<meta property=\"og:type\" content=\"article\" \/>\n<meta property=\"og:title\" content=\"Brexit - BB Asesores\" \/>\n<meta property=\"og:description\" content=\"En BBAsesores, comprendemos la complejidad y los desaf\u00edos que el Brexit ha planteado a las empresas con operaciones en el Reino Unido y la Uni\u00f3n Europea (UE). Nuestra presencia en ambas regiones, con sede en el Reino Unido y Espa\u00f1a,&hellip; Continue reading &ldquo;Brexit&rdquo;&hellip;\" \/>\n<meta property=\"og:url\" content=\"https:\/\/bbasesores.com\/en\/brexit\" \/>\n<meta property=\"og:site_name\" content=\"BB Asesores\" \/>\n<meta property=\"article:modified_time\" content=\"2023-10-10T10:05:48+00:00\" \/>\n<meta property=\"og:image\" content=\"https:\/\/bbasesores.com\/wp-content\/uploads\/2023\/10\/brexit-bbasesores.jpg\" \/>\n<meta name=\"twitter:card\" content=\"summary_large_image\" \/>\n<meta name=\"twitter:site\" content=\"@AsesoresBb\" \/>\n<meta name=\"twitter:label1\" content=\"Est. reading time\" \/>\n\t<meta name=\"twitter:data1\" content=\"3 minutes\" \/>\n<script type=\"application\/ld+json\" class=\"yoast-schema-graph\">{\"@context\":\"https:\/\/schema.org\",\"@graph\":[{\"@type\":\"WebPage\",\"@id\":\"https:\/\/bbasesores.com\/en\/brexit\",\"url\":\"https:\/\/bbasesores.com\/en\/brexit\",\"name\":\"Brexit - BB Asesores\",\"isPartOf\":{\"@id\":\"https:\/\/bbasesores.com\/en#website\"},\"primaryImageOfPage\":{\"@id\":\"https:\/\/bbasesores.com\/en\/brexit#primaryimage\"},\"image\":{\"@id\":\"https:\/\/bbasesores.com\/en\/brexit#primaryimage\"},\"thumbnailUrl\":\"https:\/\/bbasesores.com\/wp-content\/uploads\/2023\/10\/brexit-bbasesores.jpg\",\"datePublished\":\"2023-07-06T11:17:41+00:00\",\"dateModified\":\"2023-10-10T10:05:48+00:00\",\"breadcrumb\":{\"@id\":\"https:\/\/bbasesores.com\/en\/brexit#breadcrumb\"},\"inLanguage\":\"en-US\",\"potentialAction\":[{\"@type\":\"ReadAction\",\"target\":[\"https:\/\/bbasesores.com\/en\/brexit\"]}]},{\"@type\":\"ImageObject\",\"inLanguage\":\"en-US\",\"@id\":\"https:\/\/bbasesores.com\/en\/brexit#primaryimage\",\"url\":\"https:\/\/bbasesores.com\/wp-content\/uploads\/2023\/10\/brexit-bbasesores.jpg\",\"contentUrl\":\"https:\/\/bbasesores.com\/wp-content\/uploads\/2023\/10\/brexit-bbasesores.jpg\"},{\"@type\":\"BreadcrumbList\",\"@id\":\"https:\/\/bbasesores.com\/en\/brexit#breadcrumb\",\"itemListElement\":[{\"@type\":\"ListItem\",\"position\":1,\"name\":\"Portada\",\"item\":\"https:\/\/bbasesores.com\/en\"},{\"@type\":\"ListItem\",\"position\":2,\"name\":\"Brexit\"}]},{\"@type\":\"WebSite\",\"@id\":\"https:\/\/bbasesores.com\/en#website\",\"url\":\"https:\/\/bbasesores.com\/en\",\"name\":\"BB Asesores\",\"description\":\"Servicios Regulatorios\",\"publisher\":{\"@id\":\"https:\/\/bbasesores.com\/en#organization\"},\"potentialAction\":[{\"@type\":\"SearchAction\",\"target\":{\"@type\":\"EntryPoint\",\"urlTemplate\":\"https:\/\/bbasesores.com\/en?s={search_term_string}\"},\"query-input\":{\"@type\":\"PropertyValueSpecification\",\"valueRequired\":true,\"valueName\":\"search_term_string\"}}],\"inLanguage\":\"en-US\"},{\"@type\":\"Organization\",\"@id\":\"https:\/\/bbasesores.com\/en#organization\",\"name\":\"BB Asesores\",\"url\":\"https:\/\/bbasesores.com\/en\",\"logo\":{\"@type\":\"ImageObject\",\"inLanguage\":\"en-US\",\"@id\":\"https:\/\/bbasesores.com\/en#\/schema\/logo\/image\/\",\"url\":\"https:\/\/bbasesores.com\/wp-content\/uploads\/2024\/01\/logo-bbasesores01.png\",\"contentUrl\":\"https:\/\/bbasesores.com\/wp-content\/uploads\/2024\/01\/logo-bbasesores01.png\",\"width\":764,\"height\":180,\"caption\":\"BB Asesores\"},\"image\":{\"@id\":\"https:\/\/bbasesores.com\/en#\/schema\/logo\/image\/\"},\"sameAs\":[\"https:\/\/x.com\/AsesoresBb\",\"https:\/\/www.linkedin.com\/company\/18857568\"]}]}<\/script>\n<!-- \/ Yoast SEO plugin. -->","yoast_head_json":{"title":"Brexit - BB Asesores","robots":{"index":"index","follow":"follow","max-snippet":"max-snippet:-1","max-image-preview":"max-image-preview:large","max-video-preview":"max-video-preview:-1"},"canonical":"https:\/\/bbasesores.com\/en\/brexit","og_locale":"en_US","og_type":"article","og_title":"Brexit - BB Asesores","og_description":"En BBAsesores, comprendemos la complejidad y los desaf\u00edos que el Brexit ha planteado a las empresas con operaciones en el Reino Unido y la Uni\u00f3n Europea (UE). Nuestra presencia en ambas regiones, con sede en el Reino Unido y Espa\u00f1a,&hellip; Continue reading &ldquo;Brexit&rdquo;&hellip;","og_url":"https:\/\/bbasesores.com\/en\/brexit","og_site_name":"BB Asesores","article_modified_time":"2023-10-10T10:05:48+00:00","og_image":[{"url":"https:\/\/bbasesores.com\/wp-content\/uploads\/2023\/10\/brexit-bbasesores.jpg","type":"","width":"","height":""}],"twitter_card":"summary_large_image","twitter_site":"@AsesoresBb","twitter_misc":{"Est. reading time":"3 minutes"},"schema":{"@context":"https:\/\/schema.org","@graph":[{"@type":"WebPage","@id":"https:\/\/bbasesores.com\/en\/brexit","url":"https:\/\/bbasesores.com\/en\/brexit","name":"Brexit - BB Asesores","isPartOf":{"@id":"https:\/\/bbasesores.com\/en#website"},"primaryImageOfPage":{"@id":"https:\/\/bbasesores.com\/en\/brexit#primaryimage"},"image":{"@id":"https:\/\/bbasesores.com\/en\/brexit#primaryimage"},"thumbnailUrl":"https:\/\/bbasesores.com\/wp-content\/uploads\/2023\/10\/brexit-bbasesores.jpg","datePublished":"2023-07-06T11:17:41+00:00","dateModified":"2023-10-10T10:05:48+00:00","breadcrumb":{"@id":"https:\/\/bbasesores.com\/en\/brexit#breadcrumb"},"inLanguage":"en-US","potentialAction":[{"@type":"ReadAction","target":["https:\/\/bbasesores.com\/en\/brexit"]}]},{"@type":"ImageObject","inLanguage":"en-US","@id":"https:\/\/bbasesores.com\/en\/brexit#primaryimage","url":"https:\/\/bbasesores.com\/wp-content\/uploads\/2023\/10\/brexit-bbasesores.jpg","contentUrl":"https:\/\/bbasesores.com\/wp-content\/uploads\/2023\/10\/brexit-bbasesores.jpg"},{"@type":"BreadcrumbList","@id":"https:\/\/bbasesores.com\/en\/brexit#breadcrumb","itemListElement":[{"@type":"ListItem","position":1,"name":"Portada","item":"https:\/\/bbasesores.com\/en"},{"@type":"ListItem","position":2,"name":"Brexit"}]},{"@type":"WebSite","@id":"https:\/\/bbasesores.com\/en#website","url":"https:\/\/bbasesores.com\/en","name":"BB Asesores","description":"Servicios Regulatorios","publisher":{"@id":"https:\/\/bbasesores.com\/en#organization"},"potentialAction":[{"@type":"SearchAction","target":{"@type":"EntryPoint","urlTemplate":"https:\/\/bbasesores.com\/en?s={search_term_string}"},"query-input":{"@type":"PropertyValueSpecification","valueRequired":true,"valueName":"search_term_string"}}],"inLanguage":"en-US"},{"@type":"Organization","@id":"https:\/\/bbasesores.com\/en#organization","name":"BB Asesores","url":"https:\/\/bbasesores.com\/en","logo":{"@type":"ImageObject","inLanguage":"en-US","@id":"https:\/\/bbasesores.com\/en#\/schema\/logo\/image\/","url":"https:\/\/bbasesores.com\/wp-content\/uploads\/2024\/01\/logo-bbasesores01.png","contentUrl":"https:\/\/bbasesores.com\/wp-content\/uploads\/2024\/01\/logo-bbasesores01.png","width":764,"height":180,"caption":"BB Asesores"},"image":{"@id":"https:\/\/bbasesores.com\/en#\/schema\/logo\/image\/"},"sameAs":["https:\/\/x.com\/AsesoresBb","https:\/\/www.linkedin.com\/company\/18857568"]}]}},"_links":{"self":[{"href":"https:\/\/bbasesores.com\/en\/wp-json\/wp\/v2\/pages\/1409","targetHints":{"allow":["GET"]}}],"collection":[{"href":"https:\/\/bbasesores.com\/en\/wp-json\/wp\/v2\/pages"}],"about":[{"href":"https:\/\/bbasesores.com\/en\/wp-json\/wp\/v2\/types\/page"}],"author":[{"embeddable":true,"href":"https:\/\/bbasesores.com\/en\/wp-json\/wp\/v2\/users\/1"}],"replies":[{"embeddable":true,"href":"https:\/\/bbasesores.com\/en\/wp-json\/wp\/v2\/comments?post=1409"}],"version-history":[{"count":1,"href":"https:\/\/bbasesores.com\/en\/wp-json\/wp\/v2\/pages\/1409\/revisions"}],"predecessor-version":[{"id":1411,"href":"https:\/\/bbasesores.com\/en\/wp-json\/wp\/v2\/pages\/1409\/revisions\/1411"}],"wp:attachment":[{"href":"https:\/\/bbasesores.com\/en\/wp-json\/wp\/v2\/media?parent=1409"}],"curies":[{"name":"wp","href":"https:\/\/api.w.org\/{rel}","templated":true}]}}