{"id":1472,"date":"2023-07-06T09:23:46","date_gmt":"2023-07-06T09:23:46","guid":{"rendered":"https:\/\/bbasesores.com\/regulatory-advisory-services\/gmp"},"modified":"2023-10-11T09:58:08","modified_gmt":"2023-10-11T09:58:08","slug":"gmp","status":"publish","type":"page","link":"https:\/\/bbasesores.com\/en\/regulatory-advisory-services\/gmp","title":{"rendered":"GMP"},"content":{"rendered":"\n\n\t<p>Las Buenas Pr\u00e1cticas de Fabricaci\u00f3n (GMP) son fundamentales para garantizar la calidad y seguridad en la producci\u00f3n de productos farmac\u00e9uticos, alimentarios y qu\u00edmicos. Nuestros servicios en el \u00e1mbito de las GMP son integrales y est\u00e1n dise\u00f1ados para ayudar a su empresa a cumplir con los est\u00e1ndares m\u00e1s exigentes.<\/p>\n<p>Nuestros servicios completos est\u00e1n dise\u00f1ados para garantizar que su empresa cumpla con los est\u00e1ndares de calidad m\u00e1s estrictos, protegiendo la reputaci\u00f3n de su marca y la seguridad de sus productos. Cont\u00e1ctenos hoy para obtener m\u00e1s informaci\u00f3n sobre c\u00f3mo podemos ayudarlo a lograr la excelencia en las GMP. Su calidad es nuestra prioridad.<\/p>\n<h2>Servicios clave<\/h2>\n<ul>\n<li>Elaboraci\u00f3n de procedimientos<\/li>\n<li>Formaci\u00f3n<\/li>\n<li>Consultor\u00eda<\/li>\n<li>Auditor\u00eda Interna<\/li>\n<li>GDP\/BPD<\/li>\n<\/ul>\n\t\t\t\t<img loading=\"lazy\" decoding=\"async\" src=\"https:\/\/bbasesores.com\/wp-content\/uploads\/2023\/09\/gmp.jpg\" alt=\"gmp\" itemprop=\"image\" height=\"400\" width=\"600\" title=\"gmp\" onerror=\"this.style.display='none'\"  \/>\n\n","protected":false},"excerpt":{"rendered":"<div class=\"entry-summary\">\n<div class=\"entry-summary\">\nLas Buenas Pr\u00e1cticas de Fabricaci\u00f3n (GMP) son fundamentales para garantizar la calidad y seguridad en la producci\u00f3n de productos farmac\u00e9uticos, alimentarios y qu\u00edmicos. Nuestros servicios en el \u00e1mbito de las GMP son integrales y est\u00e1n dise\u00f1ados para ayudar a su&hellip;\n<\/div>\n<div class=\"link-more\"><a href=\"https:\/\/bbasesores.com\/en\/regulatory-advisory-services\/gmp\" class=\"more-link\">Continue reading<span class=\"screen-reader-text\"> &ldquo;GMP&rdquo;<\/span>&hellip;<\/a><\/div>\n<\/div>\n<div class=\"link-more\"><a href=\"https:\/\/bbasesores.com\/en\/regulatory-advisory-services\/gmp\" class=\"more-link\">Continue reading<span class=\"screen-reader-text\"> &ldquo;GMP&rdquo;<\/span>&hellip;<\/a><\/div>\n","protected":false},"author":1,"featured_media":1473,"parent":1422,"menu_order":0,"comment_status":"closed","ping_status":"closed","template":"","meta":{"_acf_changed":false,"footnotes":""},"class_list":["post-1472","page","type-page","status-publish","has-post-thumbnail","hentry","entry"],"acf":[],"yoast_head":"<!-- This site is optimized with the Yoast SEO plugin v26.7 - https:\/\/yoast.com\/wordpress\/plugins\/seo\/ -->\n<title>GMP - BB Asesores<\/title>\n<meta name=\"robots\" content=\"index, follow, max-snippet:-1, max-image-preview:large, max-video-preview:-1\" \/>\n<link rel=\"canonical\" href=\"https:\/\/bbasesores.com\/en\/regulatory-advisory-services\/gmp\" \/>\n<meta property=\"og:locale\" content=\"en_US\" \/>\n<meta property=\"og:type\" content=\"article\" \/>\n<meta property=\"og:title\" content=\"GMP - BB Asesores\" \/>\n<meta property=\"og:description\" content=\"Las Buenas Pr\u00e1cticas de Fabricaci\u00f3n (GMP) son fundamentales para garantizar la calidad y seguridad en la producci\u00f3n de productos farmac\u00e9uticos, alimentarios y qu\u00edmicos. Nuestros servicios en el \u00e1mbito de las GMP son integrales y est\u00e1n dise\u00f1ados para ayudar a su&hellip; Continue reading &ldquo;GMP&rdquo;&hellip;\" \/>\n<meta property=\"og:url\" content=\"https:\/\/bbasesores.com\/en\/regulatory-advisory-services\/gmp\" \/>\n<meta property=\"og:site_name\" content=\"BB Asesores\" \/>\n<meta property=\"article:modified_time\" content=\"2023-10-11T09:58:08+00:00\" \/>\n<meta property=\"og:image\" content=\"https:\/\/bbasesores.com\/wp-content\/uploads\/2023\/09\/gmp.jpg\" \/>\n\t<meta property=\"og:image:width\" content=\"600\" \/>\n\t<meta property=\"og:image:height\" content=\"400\" \/>\n\t<meta property=\"og:image:type\" content=\"image\/jpeg\" \/>\n<meta name=\"twitter:card\" content=\"summary_large_image\" \/>\n<meta name=\"twitter:site\" content=\"@AsesoresBb\" \/>\n<script type=\"application\/ld+json\" class=\"yoast-schema-graph\">{\"@context\":\"https:\/\/schema.org\",\"@graph\":[{\"@type\":\"WebPage\",\"@id\":\"https:\/\/bbasesores.com\/en\/regulatory-advisory-services\/gmp\",\"url\":\"https:\/\/bbasesores.com\/en\/regulatory-advisory-services\/gmp\",\"name\":\"GMP - BB Asesores\",\"isPartOf\":{\"@id\":\"https:\/\/bbasesores.com\/en#website\"},\"primaryImageOfPage\":{\"@id\":\"https:\/\/bbasesores.com\/en\/regulatory-advisory-services\/gmp#primaryimage\"},\"image\":{\"@id\":\"https:\/\/bbasesores.com\/en\/regulatory-advisory-services\/gmp#primaryimage\"},\"thumbnailUrl\":\"https:\/\/bbasesores.com\/wp-content\/uploads\/2023\/09\/gmp.jpg\",\"datePublished\":\"2023-07-06T09:23:46+00:00\",\"dateModified\":\"2023-10-11T09:58:08+00:00\",\"breadcrumb\":{\"@id\":\"https:\/\/bbasesores.com\/en\/regulatory-advisory-services\/gmp#breadcrumb\"},\"inLanguage\":\"en-US\",\"potentialAction\":[{\"@type\":\"ReadAction\",\"target\":[\"https:\/\/bbasesores.com\/en\/regulatory-advisory-services\/gmp\"]}]},{\"@type\":\"ImageObject\",\"inLanguage\":\"en-US\",\"@id\":\"https:\/\/bbasesores.com\/en\/regulatory-advisory-services\/gmp#primaryimage\",\"url\":\"https:\/\/bbasesores.com\/wp-content\/uploads\/2023\/09\/gmp.jpg\",\"contentUrl\":\"https:\/\/bbasesores.com\/wp-content\/uploads\/2023\/09\/gmp.jpg\",\"width\":600,\"height\":400},{\"@type\":\"BreadcrumbList\",\"@id\":\"https:\/\/bbasesores.com\/en\/regulatory-advisory-services\/gmp#breadcrumb\",\"itemListElement\":[{\"@type\":\"ListItem\",\"position\":1,\"name\":\"Portada\",\"item\":\"https:\/\/bbasesores.com\/en\"},{\"@type\":\"ListItem\",\"position\":2,\"name\":\"Regulatory services\",\"item\":\"https:\/\/bbasesores.com\/en\/regulatory-advisory-services\"},{\"@type\":\"ListItem\",\"position\":3,\"name\":\"GMP\"}]},{\"@type\":\"WebSite\",\"@id\":\"https:\/\/bbasesores.com\/en#website\",\"url\":\"https:\/\/bbasesores.com\/en\",\"name\":\"BB Asesores\",\"description\":\"Servicios Regulatorios\",\"publisher\":{\"@id\":\"https:\/\/bbasesores.com\/en#organization\"},\"potentialAction\":[{\"@type\":\"SearchAction\",\"target\":{\"@type\":\"EntryPoint\",\"urlTemplate\":\"https:\/\/bbasesores.com\/en?s={search_term_string}\"},\"query-input\":{\"@type\":\"PropertyValueSpecification\",\"valueRequired\":true,\"valueName\":\"search_term_string\"}}],\"inLanguage\":\"en-US\"},{\"@type\":\"Organization\",\"@id\":\"https:\/\/bbasesores.com\/en#organization\",\"name\":\"BB Asesores\",\"url\":\"https:\/\/bbasesores.com\/en\",\"logo\":{\"@type\":\"ImageObject\",\"inLanguage\":\"en-US\",\"@id\":\"https:\/\/bbasesores.com\/en#\/schema\/logo\/image\/\",\"url\":\"https:\/\/bbasesores.com\/wp-content\/uploads\/2024\/01\/logo-bbasesores01.png\",\"contentUrl\":\"https:\/\/bbasesores.com\/wp-content\/uploads\/2024\/01\/logo-bbasesores01.png\",\"width\":764,\"height\":180,\"caption\":\"BB Asesores\"},\"image\":{\"@id\":\"https:\/\/bbasesores.com\/en#\/schema\/logo\/image\/\"},\"sameAs\":[\"https:\/\/x.com\/AsesoresBb\",\"https:\/\/www.linkedin.com\/company\/18857568\"]}]}<\/script>\n<!-- \/ Yoast SEO plugin. -->","yoast_head_json":{"title":"GMP - BB Asesores","robots":{"index":"index","follow":"follow","max-snippet":"max-snippet:-1","max-image-preview":"max-image-preview:large","max-video-preview":"max-video-preview:-1"},"canonical":"https:\/\/bbasesores.com\/en\/regulatory-advisory-services\/gmp","og_locale":"en_US","og_type":"article","og_title":"GMP - BB Asesores","og_description":"Las Buenas Pr\u00e1cticas de Fabricaci\u00f3n (GMP) son fundamentales para garantizar la calidad y seguridad en la producci\u00f3n de productos farmac\u00e9uticos, alimentarios y qu\u00edmicos. Nuestros servicios en el \u00e1mbito de las GMP son integrales y est\u00e1n dise\u00f1ados para ayudar a su&hellip; Continue reading &ldquo;GMP&rdquo;&hellip;","og_url":"https:\/\/bbasesores.com\/en\/regulatory-advisory-services\/gmp","og_site_name":"BB Asesores","article_modified_time":"2023-10-11T09:58:08+00:00","og_image":[{"width":600,"height":400,"url":"https:\/\/bbasesores.com\/wp-content\/uploads\/2023\/09\/gmp.jpg","type":"image\/jpeg"}],"twitter_card":"summary_large_image","twitter_site":"@AsesoresBb","schema":{"@context":"https:\/\/schema.org","@graph":[{"@type":"WebPage","@id":"https:\/\/bbasesores.com\/en\/regulatory-advisory-services\/gmp","url":"https:\/\/bbasesores.com\/en\/regulatory-advisory-services\/gmp","name":"GMP - BB Asesores","isPartOf":{"@id":"https:\/\/bbasesores.com\/en#website"},"primaryImageOfPage":{"@id":"https:\/\/bbasesores.com\/en\/regulatory-advisory-services\/gmp#primaryimage"},"image":{"@id":"https:\/\/bbasesores.com\/en\/regulatory-advisory-services\/gmp#primaryimage"},"thumbnailUrl":"https:\/\/bbasesores.com\/wp-content\/uploads\/2023\/09\/gmp.jpg","datePublished":"2023-07-06T09:23:46+00:00","dateModified":"2023-10-11T09:58:08+00:00","breadcrumb":{"@id":"https:\/\/bbasesores.com\/en\/regulatory-advisory-services\/gmp#breadcrumb"},"inLanguage":"en-US","potentialAction":[{"@type":"ReadAction","target":["https:\/\/bbasesores.com\/en\/regulatory-advisory-services\/gmp"]}]},{"@type":"ImageObject","inLanguage":"en-US","@id":"https:\/\/bbasesores.com\/en\/regulatory-advisory-services\/gmp#primaryimage","url":"https:\/\/bbasesores.com\/wp-content\/uploads\/2023\/09\/gmp.jpg","contentUrl":"https:\/\/bbasesores.com\/wp-content\/uploads\/2023\/09\/gmp.jpg","width":600,"height":400},{"@type":"BreadcrumbList","@id":"https:\/\/bbasesores.com\/en\/regulatory-advisory-services\/gmp#breadcrumb","itemListElement":[{"@type":"ListItem","position":1,"name":"Portada","item":"https:\/\/bbasesores.com\/en"},{"@type":"ListItem","position":2,"name":"Regulatory services","item":"https:\/\/bbasesores.com\/en\/regulatory-advisory-services"},{"@type":"ListItem","position":3,"name":"GMP"}]},{"@type":"WebSite","@id":"https:\/\/bbasesores.com\/en#website","url":"https:\/\/bbasesores.com\/en","name":"BB Asesores","description":"Servicios Regulatorios","publisher":{"@id":"https:\/\/bbasesores.com\/en#organization"},"potentialAction":[{"@type":"SearchAction","target":{"@type":"EntryPoint","urlTemplate":"https:\/\/bbasesores.com\/en?s={search_term_string}"},"query-input":{"@type":"PropertyValueSpecification","valueRequired":true,"valueName":"search_term_string"}}],"inLanguage":"en-US"},{"@type":"Organization","@id":"https:\/\/bbasesores.com\/en#organization","name":"BB Asesores","url":"https:\/\/bbasesores.com\/en","logo":{"@type":"ImageObject","inLanguage":"en-US","@id":"https:\/\/bbasesores.com\/en#\/schema\/logo\/image\/","url":"https:\/\/bbasesores.com\/wp-content\/uploads\/2024\/01\/logo-bbasesores01.png","contentUrl":"https:\/\/bbasesores.com\/wp-content\/uploads\/2024\/01\/logo-bbasesores01.png","width":764,"height":180,"caption":"BB Asesores"},"image":{"@id":"https:\/\/bbasesores.com\/en#\/schema\/logo\/image\/"},"sameAs":["https:\/\/x.com\/AsesoresBb","https:\/\/www.linkedin.com\/company\/18857568"]}]}},"_links":{"self":[{"href":"https:\/\/bbasesores.com\/en\/wp-json\/wp\/v2\/pages\/1472","targetHints":{"allow":["GET"]}}],"collection":[{"href":"https:\/\/bbasesores.com\/en\/wp-json\/wp\/v2\/pages"}],"about":[{"href":"https:\/\/bbasesores.com\/en\/wp-json\/wp\/v2\/types\/page"}],"author":[{"embeddable":true,"href":"https:\/\/bbasesores.com\/en\/wp-json\/wp\/v2\/users\/1"}],"replies":[{"embeddable":true,"href":"https:\/\/bbasesores.com\/en\/wp-json\/wp\/v2\/comments?post=1472"}],"version-history":[{"count":1,"href":"https:\/\/bbasesores.com\/en\/wp-json\/wp\/v2\/pages\/1472\/revisions"}],"predecessor-version":[{"id":1474,"href":"https:\/\/bbasesores.com\/en\/wp-json\/wp\/v2\/pages\/1472\/revisions\/1474"}],"up":[{"embeddable":true,"href":"https:\/\/bbasesores.com\/en\/wp-json\/wp\/v2\/pages\/1422"}],"wp:featuredmedia":[{"embeddable":true,"href":"https:\/\/bbasesores.com\/en\/wp-json\/wp\/v2\/media\/1473"}],"wp:attachment":[{"href":"https:\/\/bbasesores.com\/en\/wp-json\/wp\/v2\/media?parent=1472"}],"curies":[{"name":"wp","href":"https:\/\/api.w.org\/{rel}","templated":true}]}}