{"id":1483,"date":"2023-07-06T09:27:21","date_gmt":"2023-07-06T09:27:21","guid":{"rendered":"https:\/\/bbasesores.com\/regulatory-advisory-services\/seguridad-industrial"},"modified":"2023-10-11T10:01:10","modified_gmt":"2023-10-11T10:01:10","slug":"industrial-security","status":"publish","type":"page","link":"https:\/\/bbasesores.com\/en\/regulatory-advisory-services\/industrial-security","title":{"rendered":"Industrial security"},"content":{"rendered":"\r\n<p>En BBasesores, entendemos que la seguridad industrial es esencial para el bienestar de su empresa, sus empleados y el entorno. Nuestro servicio de seguridad industrial abarca una amplia gama de \u00e1reas cr\u00edticas para garantizar un entorno de trabajo seguro y cumplir con las regulaciones aplicables. Cont\u00e1ctenos para obtener m\u00e1s informaci\u00f3n sobre c\u00f3mo podemos ayudarlo.<\/p>\r\n<h2>Servicios clave<\/h2>\r\n<ul>\r\n<li>Cumplimiento con regulaciones ATEX y SEVESO III.<\/li>\r\n<li>Desarrollo de planes de emergencia internos (PEI) y externos (PEE).<\/li>\r\n<li>An\u00e1lisis de riesgos qu\u00edmicos para un entorno seguro.<\/li>\r\n<li>Conformidad con est\u00e1ndares OHSAS para salud y seguridad ocupacional.<\/li>\r\n<li>Auditor\u00edas internas y a terceros para garantizar la seguridad.<\/li>\r\n<li>Consejer\u00eda de seguridad en el transporte de productos peligrosos seg\u00fan ADR.<\/li>\r\n<\/ul>\r\n<p><img loading=\"lazy\" decoding=\"async\" title=\"seguridad-industrial01\" src=\"https:\/\/bbasesores.com\/wp-content\/uploads\/2023\/10\/seguridad-industrial01.jpg\" alt=\"seguridad-industrial01\" width=\"600\" height=\"400\" \/><\/p>\r\n","protected":false},"excerpt":{"rendered":"<div class=\"entry-summary\">\n<div class=\"entry-summary\">\nEn BBasesores, entendemos que la seguridad industrial es esencial para el bienestar de su empresa, sus empleados y el entorno. Nuestro servicio de seguridad industrial abarca una amplia gama de \u00e1reas cr\u00edticas para garantizar un entorno de trabajo seguro y&hellip;\n<\/div>\n<div class=\"link-more\"><a href=\"https:\/\/bbasesores.com\/en\/regulatory-advisory-services\/industrial-security\" class=\"more-link\">Continue reading<span class=\"screen-reader-text\"> &ldquo;Industrial security&rdquo;<\/span>&hellip;<\/a><\/div>\n<\/div>\n<div class=\"link-more\"><a href=\"https:\/\/bbasesores.com\/en\/regulatory-advisory-services\/industrial-security\" class=\"more-link\">Continue reading<span class=\"screen-reader-text\"> &ldquo;Industrial security&rdquo;<\/span>&hellip;<\/a><\/div>\n","protected":false},"author":1,"featured_media":1399,"parent":1422,"menu_order":0,"comment_status":"closed","ping_status":"closed","template":"","meta":{"_acf_changed":false,"footnotes":""},"class_list":["post-1483","page","type-page","status-publish","has-post-thumbnail","hentry","entry"],"acf":[],"yoast_head":"<!-- This site is optimized with the Yoast SEO plugin v26.7 - https:\/\/yoast.com\/wordpress\/plugins\/seo\/ -->\n<title>Industrial security - BB Asesores<\/title>\n<meta name=\"robots\" content=\"index, follow, max-snippet:-1, max-image-preview:large, max-video-preview:-1\" \/>\n<link rel=\"canonical\" href=\"https:\/\/bbasesores.com\/en\/regulatory-advisory-services\/industrial-security\" \/>\n<meta property=\"og:locale\" content=\"en_US\" \/>\n<meta property=\"og:type\" content=\"article\" \/>\n<meta property=\"og:title\" content=\"Industrial security - BB Asesores\" \/>\n<meta property=\"og:description\" content=\"En BBasesores, entendemos que la seguridad industrial es esencial para el bienestar de su empresa, sus empleados y el entorno. Nuestro servicio de seguridad industrial abarca una amplia gama de \u00e1reas cr\u00edticas para garantizar un entorno de trabajo seguro y&hellip; Continue reading &ldquo;Industrial security&rdquo;&hellip;\" \/>\n<meta property=\"og:url\" content=\"https:\/\/bbasesores.com\/en\/regulatory-advisory-services\/industrial-security\" \/>\n<meta property=\"og:site_name\" content=\"BB Asesores\" \/>\n<meta property=\"article:modified_time\" content=\"2023-10-11T10:01:10+00:00\" \/>\n<meta property=\"og:image\" content=\"https:\/\/bbasesores.com\/wp-content\/uploads\/2023\/10\/seguridad-industrial01.jpg\" \/>\n\t<meta property=\"og:image:width\" content=\"600\" \/>\n\t<meta property=\"og:image:height\" content=\"400\" \/>\n\t<meta property=\"og:image:type\" content=\"image\/jpeg\" \/>\n<meta name=\"twitter:card\" content=\"summary_large_image\" \/>\n<meta name=\"twitter:site\" content=\"@AsesoresBb\" \/>\n<meta name=\"twitter:label1\" content=\"Est. reading time\" \/>\n\t<meta name=\"twitter:data1\" content=\"1 minute\" \/>\n<script type=\"application\/ld+json\" class=\"yoast-schema-graph\">{\"@context\":\"https:\/\/schema.org\",\"@graph\":[{\"@type\":\"WebPage\",\"@id\":\"https:\/\/bbasesores.com\/en\/regulatory-advisory-services\/industrial-security\",\"url\":\"https:\/\/bbasesores.com\/en\/regulatory-advisory-services\/industrial-security\",\"name\":\"Industrial security - BB Asesores\",\"isPartOf\":{\"@id\":\"https:\/\/bbasesores.com\/en#website\"},\"primaryImageOfPage\":{\"@id\":\"https:\/\/bbasesores.com\/en\/regulatory-advisory-services\/industrial-security#primaryimage\"},\"image\":{\"@id\":\"https:\/\/bbasesores.com\/en\/regulatory-advisory-services\/industrial-security#primaryimage\"},\"thumbnailUrl\":\"https:\/\/bbasesores.com\/wp-content\/uploads\/2023\/10\/seguridad-industrial01.jpg\",\"datePublished\":\"2023-07-06T09:27:21+00:00\",\"dateModified\":\"2023-10-11T10:01:10+00:00\",\"breadcrumb\":{\"@id\":\"https:\/\/bbasesores.com\/en\/regulatory-advisory-services\/industrial-security#breadcrumb\"},\"inLanguage\":\"en-US\",\"potentialAction\":[{\"@type\":\"ReadAction\",\"target\":[\"https:\/\/bbasesores.com\/en\/regulatory-advisory-services\/industrial-security\"]}]},{\"@type\":\"ImageObject\",\"inLanguage\":\"en-US\",\"@id\":\"https:\/\/bbasesores.com\/en\/regulatory-advisory-services\/industrial-security#primaryimage\",\"url\":\"https:\/\/bbasesores.com\/wp-content\/uploads\/2023\/10\/seguridad-industrial01.jpg\",\"contentUrl\":\"https:\/\/bbasesores.com\/wp-content\/uploads\/2023\/10\/seguridad-industrial01.jpg\",\"width\":600,\"height\":400},{\"@type\":\"BreadcrumbList\",\"@id\":\"https:\/\/bbasesores.com\/en\/regulatory-advisory-services\/industrial-security#breadcrumb\",\"itemListElement\":[{\"@type\":\"ListItem\",\"position\":1,\"name\":\"Portada\",\"item\":\"https:\/\/bbasesores.com\/en\"},{\"@type\":\"ListItem\",\"position\":2,\"name\":\"Regulatory services\",\"item\":\"https:\/\/bbasesores.com\/en\/regulatory-advisory-services\"},{\"@type\":\"ListItem\",\"position\":3,\"name\":\"Industrial security\"}]},{\"@type\":\"WebSite\",\"@id\":\"https:\/\/bbasesores.com\/en#website\",\"url\":\"https:\/\/bbasesores.com\/en\",\"name\":\"BB Asesores\",\"description\":\"Servicios Regulatorios\",\"publisher\":{\"@id\":\"https:\/\/bbasesores.com\/en#organization\"},\"potentialAction\":[{\"@type\":\"SearchAction\",\"target\":{\"@type\":\"EntryPoint\",\"urlTemplate\":\"https:\/\/bbasesores.com\/en?s={search_term_string}\"},\"query-input\":{\"@type\":\"PropertyValueSpecification\",\"valueRequired\":true,\"valueName\":\"search_term_string\"}}],\"inLanguage\":\"en-US\"},{\"@type\":\"Organization\",\"@id\":\"https:\/\/bbasesores.com\/en#organization\",\"name\":\"BB Asesores\",\"url\":\"https:\/\/bbasesores.com\/en\",\"logo\":{\"@type\":\"ImageObject\",\"inLanguage\":\"en-US\",\"@id\":\"https:\/\/bbasesores.com\/en#\/schema\/logo\/image\/\",\"url\":\"https:\/\/bbasesores.com\/wp-content\/uploads\/2024\/01\/logo-bbasesores01.png\",\"contentUrl\":\"https:\/\/bbasesores.com\/wp-content\/uploads\/2024\/01\/logo-bbasesores01.png\",\"width\":764,\"height\":180,\"caption\":\"BB Asesores\"},\"image\":{\"@id\":\"https:\/\/bbasesores.com\/en#\/schema\/logo\/image\/\"},\"sameAs\":[\"https:\/\/x.com\/AsesoresBb\",\"https:\/\/www.linkedin.com\/company\/18857568\"]}]}<\/script>\n<!-- \/ Yoast SEO plugin. -->","yoast_head_json":{"title":"Industrial security - BB Asesores","robots":{"index":"index","follow":"follow","max-snippet":"max-snippet:-1","max-image-preview":"max-image-preview:large","max-video-preview":"max-video-preview:-1"},"canonical":"https:\/\/bbasesores.com\/en\/regulatory-advisory-services\/industrial-security","og_locale":"en_US","og_type":"article","og_title":"Industrial security - BB Asesores","og_description":"En BBasesores, entendemos que la seguridad industrial es esencial para el bienestar de su empresa, sus empleados y el entorno. Nuestro servicio de seguridad industrial abarca una amplia gama de \u00e1reas cr\u00edticas para garantizar un entorno de trabajo seguro y&hellip; Continue reading &ldquo;Industrial security&rdquo;&hellip;","og_url":"https:\/\/bbasesores.com\/en\/regulatory-advisory-services\/industrial-security","og_site_name":"BB Asesores","article_modified_time":"2023-10-11T10:01:10+00:00","og_image":[{"width":600,"height":400,"url":"https:\/\/bbasesores.com\/wp-content\/uploads\/2023\/10\/seguridad-industrial01.jpg","type":"image\/jpeg"}],"twitter_card":"summary_large_image","twitter_site":"@AsesoresBb","twitter_misc":{"Est. reading time":"1 minute"},"schema":{"@context":"https:\/\/schema.org","@graph":[{"@type":"WebPage","@id":"https:\/\/bbasesores.com\/en\/regulatory-advisory-services\/industrial-security","url":"https:\/\/bbasesores.com\/en\/regulatory-advisory-services\/industrial-security","name":"Industrial security - BB Asesores","isPartOf":{"@id":"https:\/\/bbasesores.com\/en#website"},"primaryImageOfPage":{"@id":"https:\/\/bbasesores.com\/en\/regulatory-advisory-services\/industrial-security#primaryimage"},"image":{"@id":"https:\/\/bbasesores.com\/en\/regulatory-advisory-services\/industrial-security#primaryimage"},"thumbnailUrl":"https:\/\/bbasesores.com\/wp-content\/uploads\/2023\/10\/seguridad-industrial01.jpg","datePublished":"2023-07-06T09:27:21+00:00","dateModified":"2023-10-11T10:01:10+00:00","breadcrumb":{"@id":"https:\/\/bbasesores.com\/en\/regulatory-advisory-services\/industrial-security#breadcrumb"},"inLanguage":"en-US","potentialAction":[{"@type":"ReadAction","target":["https:\/\/bbasesores.com\/en\/regulatory-advisory-services\/industrial-security"]}]},{"@type":"ImageObject","inLanguage":"en-US","@id":"https:\/\/bbasesores.com\/en\/regulatory-advisory-services\/industrial-security#primaryimage","url":"https:\/\/bbasesores.com\/wp-content\/uploads\/2023\/10\/seguridad-industrial01.jpg","contentUrl":"https:\/\/bbasesores.com\/wp-content\/uploads\/2023\/10\/seguridad-industrial01.jpg","width":600,"height":400},{"@type":"BreadcrumbList","@id":"https:\/\/bbasesores.com\/en\/regulatory-advisory-services\/industrial-security#breadcrumb","itemListElement":[{"@type":"ListItem","position":1,"name":"Portada","item":"https:\/\/bbasesores.com\/en"},{"@type":"ListItem","position":2,"name":"Regulatory services","item":"https:\/\/bbasesores.com\/en\/regulatory-advisory-services"},{"@type":"ListItem","position":3,"name":"Industrial security"}]},{"@type":"WebSite","@id":"https:\/\/bbasesores.com\/en#website","url":"https:\/\/bbasesores.com\/en","name":"BB Asesores","description":"Servicios Regulatorios","publisher":{"@id":"https:\/\/bbasesores.com\/en#organization"},"potentialAction":[{"@type":"SearchAction","target":{"@type":"EntryPoint","urlTemplate":"https:\/\/bbasesores.com\/en?s={search_term_string}"},"query-input":{"@type":"PropertyValueSpecification","valueRequired":true,"valueName":"search_term_string"}}],"inLanguage":"en-US"},{"@type":"Organization","@id":"https:\/\/bbasesores.com\/en#organization","name":"BB Asesores","url":"https:\/\/bbasesores.com\/en","logo":{"@type":"ImageObject","inLanguage":"en-US","@id":"https:\/\/bbasesores.com\/en#\/schema\/logo\/image\/","url":"https:\/\/bbasesores.com\/wp-content\/uploads\/2024\/01\/logo-bbasesores01.png","contentUrl":"https:\/\/bbasesores.com\/wp-content\/uploads\/2024\/01\/logo-bbasesores01.png","width":764,"height":180,"caption":"BB Asesores"},"image":{"@id":"https:\/\/bbasesores.com\/en#\/schema\/logo\/image\/"},"sameAs":["https:\/\/x.com\/AsesoresBb","https:\/\/www.linkedin.com\/company\/18857568"]}]}},"_links":{"self":[{"href":"https:\/\/bbasesores.com\/en\/wp-json\/wp\/v2\/pages\/1483","targetHints":{"allow":["GET"]}}],"collection":[{"href":"https:\/\/bbasesores.com\/en\/wp-json\/wp\/v2\/pages"}],"about":[{"href":"https:\/\/bbasesores.com\/en\/wp-json\/wp\/v2\/types\/page"}],"author":[{"embeddable":true,"href":"https:\/\/bbasesores.com\/en\/wp-json\/wp\/v2\/users\/1"}],"replies":[{"embeddable":true,"href":"https:\/\/bbasesores.com\/en\/wp-json\/wp\/v2\/comments?post=1483"}],"version-history":[{"count":3,"href":"https:\/\/bbasesores.com\/en\/wp-json\/wp\/v2\/pages\/1483\/revisions"}],"predecessor-version":[{"id":1486,"href":"https:\/\/bbasesores.com\/en\/wp-json\/wp\/v2\/pages\/1483\/revisions\/1486"}],"up":[{"embeddable":true,"href":"https:\/\/bbasesores.com\/en\/wp-json\/wp\/v2\/pages\/1422"}],"wp:featuredmedia":[{"embeddable":true,"href":"https:\/\/bbasesores.com\/en\/wp-json\/wp\/v2\/media\/1399"}],"wp:attachment":[{"href":"https:\/\/bbasesores.com\/en\/wp-json\/wp\/v2\/media?parent=1483"}],"curies":[{"name":"wp","href":"https:\/\/api.w.org\/{rel}","templated":true}]}}